{"id":357961,"date":"2025-05-29T15:17:34","date_gmt":"2025-05-29T15:17:34","guid":{"rendered":"https:\/\/zaresconstructions.com\/politica-de-cookies\/"},"modified":"2025-05-29T17:21:07","modified_gmt":"2025-05-29T17:21:07","slug":"politica-de-cookies","status":"publish","type":"page","link":"https:\/\/zaresconstructions.com\/en\/politica-de-cookies\/","title":{"rendered":"Cookies Policy"},"content":{"rendered":"<p>[et_pb_section fb_built=&#8221;1&#8243; _builder_version=&#8221;4.27.4&#8243; _module_preset=&#8221;default&#8221; global_colors_info=&#8221;{}&#8221;][et_pb_row _builder_version=&#8221;4.27.4&#8243; _module_preset=&#8221;default&#8221; global_colors_info=&#8221;{}&#8221;][et_pb_column type=&#8221;4_4&#8243; _builder_version=&#8221;4.27.4&#8243; _module_preset=&#8221;default&#8221; global_colors_info=&#8221;{}&#8221;][et_pb_text _builder_version=&#8221;4.27.4&#8243; _module_preset=&#8221;default&#8221; hover_enabled=&#8221;0&#8243; global_colors_info=&#8221;{}&#8221; sticky_enabled=&#8221;0&#8243;]<\/p>\n<h2><span style=\"color: #000000;\"><strong>Cookies Policy<\/strong><\/span><\/h2>\n<p data-start=\"160\" data-end=\"480\"><span style=\"color: #000000;\">This Cookie Policy was last updated in May 2025 and applies to the website zaresconstructions.com, hereinafter referred to as \u201cthe site\u201d, which uses cookies and other related technologies (for convenience, all technologies are referred to as \u201ccookies\u201d), placed by third parties we engage.<\/span><\/p>\n<p data-start=\"482\" data-end=\"572\"><span style=\"color: #000000;\">In the sections below, we provide information about the use of cookies on our website.<\/span><\/p>\n<h3 data-start=\"574\" data-end=\"641\"><span style=\"color: #000000;\"><strong data-start=\"578\" data-end=\"641\">Information about the concepts covered in the Cookie Policy<\/strong><\/span><\/h3>\n<p data-start=\"643\" data-end=\"915\"><span style=\"color: #000000;\"><strong data-start=\"643\" data-end=\"655\">Cookies:<\/strong>\u00a0A small and simple file that is sent along with pages of this site and stored by your browser on your computer\u2019s or other device\u2019s hard drive. The information stored may be returned to our servers or the relevant third-party servers during a subsequent visit.<\/span><\/p>\n<p data-start=\"917\" data-end=\"1074\"><span style=\"color: #000000;\"><strong data-start=\"917\" data-end=\"929\">Scripts:<\/strong>\u00a0A piece of program code used to make our site function properly and interactively. This code is executed either on our server or on your device.<\/span><\/p>\n<p data-start=\"1076\" data-end=\"1249\"><span style=\"color: #000000;\"><strong data-start=\"1076\" data-end=\"1103\">Web beacon (pixel tag):<\/strong>\u00a0A small invisible piece of text or image on a website used to monitor traffic. Various data about you may be stored using web beacons to do this.<\/span><\/p>\n<h3 data-start=\"1256\" data-end=\"1280\"><span style=\"color: #000000;\"><strong data-start=\"1260\" data-end=\"1280\"><\/strong><\/span><\/h3>\n<h3 data-start=\"1256\" data-end=\"1280\"><span style=\"color: #000000;\"><strong data-start=\"1260\" data-end=\"1280\">Types of Cookies<\/strong><\/span><\/h3>\n<p data-start=\"1282\" data-end=\"1649\"><span style=\"color: #000000;\"><strong data-start=\"1282\" data-end=\"1330\">Necessary Cookies (technical or functional):<\/strong>\u00a0Ensure that certain parts of the website work properly and that your user preferences remain known. By placing functional cookies, we make it easier for you to visit our website. This way, you do not have to repeatedly enter the same information when visiting our site. We may place these cookies without your consent.<\/span><\/p>\n<p data-start=\"1651\" data-end=\"1814\"><span style=\"color: #000000;\"><strong data-start=\"1651\" data-end=\"1674\">Analytical Cookies:<\/strong>\u00a0Used to optimize the website experience by gaining insights into the use of our website. We ask for your permission to place these cookies.<\/span><\/p>\n<p data-start=\"1816\" data-end=\"2100\"><span style=\"color: #000000;\"><strong data-start=\"1816\" data-end=\"1853\">Preference and Marketing Cookies:<\/strong>\u00a0These are cookies or any other form of local storage used to create user profiles to display advertising or to track the user on this or multiple websites for similar marketing purposes. We ask for your permission to place these types of cookies.<\/span><\/p>\n<h3 data-start=\"2107\" data-end=\"2127\"><span style=\"color: #000000;\"><strong data-start=\"2111\" data-end=\"2127\"><\/strong><\/span><\/h3>\n<h3 data-start=\"2107\" data-end=\"2127\"><span style=\"color: #000000;\"><strong data-start=\"2111\" data-end=\"2127\">Social Media<\/strong><\/span><\/h3>\n<p data-start=\"2129\" data-end=\"2536\"><span style=\"color: #000000;\">We may include content from Facebook, Instagram, and\/or WhatsApp on the site to promote web pages (e.g., \u201clike\u201d, \u201cpin\u201d) or share them (e.g., \u201ctweet\u201d) on social networks such as Facebook, Instagram, and WhatsApp. This content is embedded with code derived from Facebook, Instagram, and WhatsApp and places cookies. This content may store and process certain information for personalized advertising purposes.<\/span><\/p>\n<p data-start=\"2538\" data-end=\"2842\"><span style=\"color: #000000;\">Please read the privacy statements of these social media platforms (which may change regularly) to learn what they do with your (personal) data that they process using these cookies. The retrieved data is anonymized as much as possible. Facebook, Instagram, and WhatsApp are located in the United States.<\/span><\/p>\n<h3 data-start=\"2849\" data-end=\"2864\"><span style=\"color: #000000;\"><strong data-start=\"2853\" data-end=\"2864\">Consent<\/strong><\/span><\/h3>\n<p data-start=\"2866\" data-end=\"3252\"><span style=\"color: #000000;\">When you visit our website for the first time, we display a window asking for your permission to use cookies. As soon as you click \u201cSave preferences\u201d, you authorize us to use the selected categories of cookies and plugins as described in this Cookie Policy. You can disable the use of cookies through your browser, but please note that our website may not function properly as a result.<\/span><\/p>\n<h3 data-start=\"3259\" data-end=\"3318\"><span style=\"color: #000000;\"><strong data-start=\"3263\" data-end=\"3318\">Privacy Policy and Protection of Your Personal Data<\/strong><\/span><\/h3>\n<p data-start=\"3320\" data-end=\"3371\"><span style=\"color: #000000;\">Please refer to our website for our\u00a0<a href=\"https:\/\/zaresconstructions.com\/en\/privacy-policy\/\" style=\"color: #000000;\">privacy policy.<\/a><\/span><\/p>\n<h3 data-start=\"3378\" data-end=\"3401\"><span style=\"color: #000000;\"><strong data-start=\"3382\" data-end=\"3401\">Contact Details<\/strong><\/span><\/h3>\n<p data-start=\"3403\" data-end=\"3523\"><span style=\"color: #000000;\">For questions and\/or comments about our Cookie Policy and this statement, please contact us using the following details:<\/span><\/p>\n<p data-start=\"3525\" data-end=\"3767\"><span style=\"color: #000000;\"><strong data-start=\"3525\" data-end=\"3542\">Company Name:<\/strong>\u00a0Zares Portugal \u2013 Const. C\u00edvil &amp; Servi\u00e7os em Geral, Lda<\/span><br data-start=\"3597\" data-end=\"3600\" \/><span style=\"color: #000000;\"><strong data-start=\"3600\" data-end=\"3615\">Tax Number:<\/strong>\u00a0514575573<\/span><br data-start=\"3625\" data-end=\"3628\" \/><span style=\"color: #000000;\"><strong data-start=\"3628\" data-end=\"3640\">Address:<\/strong>\u00a0Rua Carvalho Freirinha n\u00ba 67<\/span><br data-start=\"3669\" data-end=\"3672\" \/><span style=\"color: #000000;\"><strong data-start=\"3672\" data-end=\"3688\">Postal Code:<\/strong>\u00a02800-676 Almada<\/span><br data-start=\"3704\" data-end=\"3707\" \/><span style=\"color: #000000;\"><strong data-start=\"3707\" data-end=\"3717\">Email:<\/strong>\u00a0<a data-start=\"3718\" data-end=\"3742\" class=\"cursor-pointer\" rel=\"noopener\" style=\"color: #000000;\">zares.portugal@gmail.com<\/a>;\u00a0<a data-start=\"3744\" data-end=\"3767\" class=\"cursor-pointer\" rel=\"noopener\" style=\"color: #000000;\">info@zaressolutions.com<\/a><\/span><\/p>\n<p>[\/et_pb_text][\/et_pb_column][\/et_pb_row][\/et_pb_section]<\/p>\n","protected":false},"excerpt":{"rendered":"<p>Cookies Policy This Cookie Policy was last updated in May 2025 and applies to the website zaresconstructions.com, hereinafter referred to as \u201cthe site\u201d, which uses cookies and other related technologies (for convenience, all technologies are referred to as \u201ccookies\u201d), placed by third parties we engage. In the sections below, we provide information about the use [&hellip;]<\/p>\n","protected":false},"author":1,"featured_media":0,"parent":0,"menu_order":0,"comment_status":"closed","ping_status":"closed","template":"","meta":{"_et_pb_use_builder":"on","_et_pb_old_content":"","_et_gb_content_width":"","footnotes":""},"class_list":["post-357961","page","type-page","status-publish","hentry"],"yoast_head":"<!-- This site is optimized with the Yoast SEO plugin v25.2 - https:\/\/yoast.com\/wordpress\/plugins\/seo\/ -->\n<title>Cookies Policy - zaresconstructions.com<\/title>\n<meta name=\"robots\" content=\"index, follow, max-snippet:-1, max-image-preview:large, max-video-preview:-1\" \/>\n<link rel=\"canonical\" href=\"https:\/\/zaresconstructions.com\/en\/politica-de-cookies\/\" \/>\n<meta property=\"og:locale\" content=\"en_US\" \/>\n<meta property=\"og:type\" content=\"article\" \/>\n<meta property=\"og:title\" content=\"Cookies Policy - zaresconstructions.com\" \/>\n<meta property=\"og:description\" content=\"Cookies Policy This Cookie Policy was last updated in May 2025 and applies to the website zaresconstructions.com, hereinafter referred to as \u201cthe site\u201d, which uses cookies and other related technologies (for convenience, all technologies are referred to as \u201ccookies\u201d), placed by third parties we engage. In the sections below, we provide information about the use [&hellip;]\" \/>\n<meta property=\"og:url\" content=\"https:\/\/zaresconstructions.com\/en\/politica-de-cookies\/\" \/>\n<meta property=\"og:site_name\" content=\"zaresconstructions.com\" \/>\n<meta property=\"article:modified_time\" content=\"2025-05-29T17:21:07+00:00\" \/>\n<meta name=\"twitter:card\" content=\"summary_large_image\" \/>\n<meta name=\"twitter:label1\" content=\"Est. reading time\" \/>\n\t<meta name=\"twitter:data1\" content=\"4 minutes\" \/>\n<script type=\"application\/ld+json\" class=\"yoast-schema-graph\">{\"@context\":\"https:\/\/schema.org\",\"@graph\":[{\"@type\":\"WebPage\",\"@id\":\"https:\/\/zaresconstructions.com\/en\/politica-de-cookies\/\",\"url\":\"https:\/\/zaresconstructions.com\/en\/politica-de-cookies\/\",\"name\":\"Cookies Policy - zaresconstructions.com\",\"isPartOf\":{\"@id\":\"https:\/\/zaresconstructions.com\/es\/#website\"},\"datePublished\":\"2025-05-29T15:17:34+00:00\",\"dateModified\":\"2025-05-29T17:21:07+00:00\",\"breadcrumb\":{\"@id\":\"https:\/\/zaresconstructions.com\/en\/politica-de-cookies\/#breadcrumb\"},\"inLanguage\":\"en-US\",\"potentialAction\":[{\"@type\":\"ReadAction\",\"target\":[\"https:\/\/zaresconstructions.com\/en\/politica-de-cookies\/\"]}]},{\"@type\":\"BreadcrumbList\",\"@id\":\"https:\/\/zaresconstructions.com\/en\/politica-de-cookies\/#breadcrumb\",\"itemListElement\":[{\"@type\":\"ListItem\",\"position\":1,\"name\":\"In\u00edcio\",\"item\":\"https:\/\/zaresconstructions.com\/en\/\"},{\"@type\":\"ListItem\",\"position\":2,\"name\":\"Cookies Policy\"}]},{\"@type\":\"WebSite\",\"@id\":\"https:\/\/zaresconstructions.com\/es\/#website\",\"url\":\"https:\/\/zaresconstructions.com\/es\/\",\"name\":\"zaresconstructions.com\",\"description\":\"A Zares \u2013 Contruction Reforms &amp; Projects. \u00e9 uma empresa com atitude sustent\u00e1vel e conhecimento para prover solu\u00e7\u00f5es em \u00e1reas de investimento de Projectos e Obras  de Constru\u00e7\u00e3o,  Reabilita\u00e7\u00e3o, Remodela\u00e7\u00e3o e Engenharia, Arquitetura e Assesoramento.\",\"potentialAction\":[{\"@type\":\"SearchAction\",\"target\":{\"@type\":\"EntryPoint\",\"urlTemplate\":\"https:\/\/zaresconstructions.com\/es\/?s={search_term_string}\"},\"query-input\":{\"@type\":\"PropertyValueSpecification\",\"valueRequired\":true,\"valueName\":\"search_term_string\"}}],\"inLanguage\":\"en-US\"}]}<\/script>\n<!-- \/ Yoast SEO plugin. -->","yoast_head_json":{"title":"Cookies Policy - zaresconstructions.com","robots":{"index":"index","follow":"follow","max-snippet":"max-snippet:-1","max-image-preview":"max-image-preview:large","max-video-preview":"max-video-preview:-1"},"canonical":"https:\/\/zaresconstructions.com\/en\/politica-de-cookies\/","og_locale":"en_US","og_type":"article","og_title":"Cookies Policy - zaresconstructions.com","og_description":"Cookies Policy This Cookie Policy was last updated in May 2025 and applies to the website zaresconstructions.com, hereinafter referred to as \u201cthe site\u201d, which uses cookies and other related technologies (for convenience, all technologies are referred to as \u201ccookies\u201d), placed by third parties we engage. In the sections below, we provide information about the use [&hellip;]","og_url":"https:\/\/zaresconstructions.com\/en\/politica-de-cookies\/","og_site_name":"zaresconstructions.com","article_modified_time":"2025-05-29T17:21:07+00:00","twitter_card":"summary_large_image","twitter_misc":{"Est. reading time":"4 minutes"},"schema":{"@context":"https:\/\/schema.org","@graph":[{"@type":"WebPage","@id":"https:\/\/zaresconstructions.com\/en\/politica-de-cookies\/","url":"https:\/\/zaresconstructions.com\/en\/politica-de-cookies\/","name":"Cookies Policy - zaresconstructions.com","isPartOf":{"@id":"https:\/\/zaresconstructions.com\/es\/#website"},"datePublished":"2025-05-29T15:17:34+00:00","dateModified":"2025-05-29T17:21:07+00:00","breadcrumb":{"@id":"https:\/\/zaresconstructions.com\/en\/politica-de-cookies\/#breadcrumb"},"inLanguage":"en-US","potentialAction":[{"@type":"ReadAction","target":["https:\/\/zaresconstructions.com\/en\/politica-de-cookies\/"]}]},{"@type":"BreadcrumbList","@id":"https:\/\/zaresconstructions.com\/en\/politica-de-cookies\/#breadcrumb","itemListElement":[{"@type":"ListItem","position":1,"name":"In\u00edcio","item":"https:\/\/zaresconstructions.com\/en\/"},{"@type":"ListItem","position":2,"name":"Cookies Policy"}]},{"@type":"WebSite","@id":"https:\/\/zaresconstructions.com\/es\/#website","url":"https:\/\/zaresconstructions.com\/es\/","name":"zaresconstructions.com","description":"A Zares \u2013 Contruction Reforms &amp; Projects. \u00e9 uma empresa com atitude sustent\u00e1vel e conhecimento para prover solu\u00e7\u00f5es em \u00e1reas de investimento de Projectos e Obras  de Constru\u00e7\u00e3o,  Reabilita\u00e7\u00e3o, Remodela\u00e7\u00e3o e Engenharia, Arquitetura e Assesoramento.","potentialAction":[{"@type":"SearchAction","target":{"@type":"EntryPoint","urlTemplate":"https:\/\/zaresconstructions.com\/es\/?s={search_term_string}"},"query-input":{"@type":"PropertyValueSpecification","valueRequired":true,"valueName":"search_term_string"}}],"inLanguage":"en-US"}]}},"_links":{"self":[{"href":"https:\/\/zaresconstructions.com\/en\/wp-json\/wp\/v2\/pages\/357961","targetHints":{"allow":["GET"]}}],"collection":[{"href":"https:\/\/zaresconstructions.com\/en\/wp-json\/wp\/v2\/pages"}],"about":[{"href":"https:\/\/zaresconstructions.com\/en\/wp-json\/wp\/v2\/types\/page"}],"author":[{"embeddable":true,"href":"https:\/\/zaresconstructions.com\/en\/wp-json\/wp\/v2\/users\/1"}],"replies":[{"embeddable":true,"href":"https:\/\/zaresconstructions.com\/en\/wp-json\/wp\/v2\/comments?post=357961"}],"version-history":[{"count":4,"href":"https:\/\/zaresconstructions.com\/en\/wp-json\/wp\/v2\/pages\/357961\/revisions"}],"predecessor-version":[{"id":358049,"href":"https:\/\/zaresconstructions.com\/en\/wp-json\/wp\/v2\/pages\/357961\/revisions\/358049"}],"wp:attachment":[{"href":"https:\/\/zaresconstructions.com\/en\/wp-json\/wp\/v2\/media?parent=357961"}],"curies":[{"name":"wp","href":"https:\/\/api.w.org\/{rel}","templated":true}]}}